{"id":3769,"date":"2023-08-29T23:45:00","date_gmt":"2023-08-29T21:45:00","guid":{"rendered":"https:\/\/www.alsacesweethome.com\/?page_id=3769"},"modified":"2025-05-12T17:11:57","modified_gmt":"2025-05-12T15:11:57","slug":"mentions-legales","status":"publish","type":"page","link":"https:\/\/www.alsacesweethome.com\/fr\/mentions-legales\/","title":{"rendered":"Mentions l\u00e9gales"},"content":{"rendered":"<h1 style=\"font-weight: 400; text-align: center;\"><strong>MENTIONS L\u00c9GALES D&rsquo; ALSACE SWEET HOME<\/strong><\/h1>\n<p>&nbsp;<\/p>\n<p style=\"font-weight: 400;\">Conform\u00e9ment aux dispositions de la loi n\u00b0 2004-575 du 21 juin 2004 pour la confiance en l\u2019\u00e9conomie num\u00e9rique, il est pr\u00e9cis\u00e9 aux utilisateurs du site\u00a0<a href=\"https:\/\/www.alsacesweethome.com\"><strong>alsacesweethome.com<\/strong><\/a>\u00a0l\u2019identit\u00e9 des diff\u00e9rents intervenants dans le cadre de sa r\u00e9alisation et de son suivi.<\/p>\n<h2><\/h2>\n<h3 style=\"font-weight: 400;\"><strong>\u00a0 \u00a0 \u00a01. <\/strong><strong>PR\u00c9SENTATION DU SITE <\/strong><\/h3>\n<p style=\"font-weight: 400;\">Le site<strong>\u00a0<a href=\"https:\/\/www.alsacesweethome.com\">alsacesweethome.com<\/a><\/strong>\u00a0est\u00a0\u00e9dit\u00e9 par la soci\u00e9t\u00e9 <strong>ALSACE SWEET HOME<\/strong>, soci\u00e9t\u00e9 par actions simplifi\u00e9e au capital de 5000 euros, dont le si\u00e8ge social est situ\u00e9 1BIS rue de la course, 67000 STRASBOURG, immatricul\u00e9e au Registre du Commerce et des Soci\u00e9t\u00e9s de Strasbourg sous le num\u00e9ro <strong>979757028<\/strong> et dont le num\u00e9ro TVA est FR.<\/p>\n<p style=\"font-weight: 400;\"><strong>Responsable du site et de publication\u00a0:<\/strong><\/p>\n<p style=\"font-weight: 400;\">Diane Filiu Chaparro<\/p>\n<p style=\"font-weight: 400;\"><a href=\"mailto:hello@alsacesweethome.com\">contact@alsacesweethome.com<\/a><br \/>\nt\u00e9l\u00e9phone\u202f:\u00a006.69.18.45.16<\/p>\n<p style=\"font-weight: 400;\"><strong>H\u00e9bergeur<\/strong><\/p>\n<p style=\"font-weight: 400;\">Le site\u00a0<a href=\"https:\/\/www.alsacesweethome.com\"><strong>alsacesweethome.com<\/strong><\/a> est\u00a0h\u00e9berg\u00e9 par la soci\u00e9t\u00e9 GANDI SAS\u00a0 &#8211; 63, 65 Boulevard Massena &#8211; 75013 Paris, France &#8211; Tel : +33170377661 &#8211; https:\/\/www.gandi.net\/en<\/p>\n<p>&nbsp;<\/p>\n<h3><strong>\u00a0 \u00a0 \u00a02. CONSEILS D&rsquo;UTILISATION<\/strong><\/h3>\n<p style=\"font-weight: 400;\">L\u2019utilisation du pr\u00e9sent site implique l\u2019acceptation pleine et enti\u00e8re des conditions g\u00e9n\u00e9rales d\u2019utilisation d\u00e9crites ci-apr\u00e8s. Ces conditions d\u2019utilisation sont susceptibles d\u2019\u00eatre modifi\u00e9es ou compl\u00e9t\u00e9es \u00e0 tout moment.<\/p>\n<p style=\"font-weight: 400;\">Elles s\u2019imposent n\u00e9anmoins \u00e0 l\u2019utilisateur qui est invit\u00e9 \u00e0 s\u2019y r\u00e9f\u00e9rer le plus souvent possible afin d\u2019en prendre connaissance.<\/p>\n<p style=\"font-weight: 400;\"><strong>Informations<\/strong><\/p>\n<p><strong>Alsace Sweet Home<\/strong> s\u2019engage \u00e0 maintenir ce site web \u00e0 jour en temps et en heure. Si toutefois vous rencontriez un probl\u00e8me ou des donn\u00e9es obsol\u00e8te, nous vous serions reconnaissants de nous le faire savoir. Veuillez indiquer o\u00f9 sur le site web vous lisez les informations incorrectes. Nous examinerons cela d\u00e8s que possible.<br \/>\nVeuillez envoyer votre r\u00e9ponse par e-mail \u00e0\u00a0<a href=\"mailto:hello@alsacesweethome.com\">contact@alsacesweethome.com<\/a>.<\/p>\n<p>Nous ne sommes pas responsables des pertes r\u00e9sultant d\u2019inexactitudes ou de lacunes, ni des pertes r\u00e9sultant de probl\u00e8mes caus\u00e9s par ou inh\u00e9rents \u00e0 la diffusion d\u2019informations par Internet, tels que des perturbations ou des interruptions. Lors de l\u2019utilisation de formulaires Web, nous nous effor\u00e7ons de limiter le nombre de champs obligatoires au minimum. Pour toute perte subie \u00e0 la suite de l\u2019utilisation de donn\u00e9es, de conseils ou d\u2019id\u00e9es fournis par ou au nom d&rsquo;<strong>\u00a0Alsace Sweet Home<\/strong> via ce site web, <strong>Alsace Sweet Home<\/strong> n\u2019assume aucune responsabilit\u00e9.<\/p>\n<p style=\"font-weight: 400;\">Les informations et documents du site sont pr\u00e9sent\u00e9s \u00e0 titre indicatif, sans caract\u00e8re exhaustif, et ne peuvent engager la responsabilit\u00e9 du propri\u00e9taire du site.<\/p>\n<p style=\"font-weight: 400;\">Le propri\u00e9taire du site ne peut \u00eatre tenu responsable des dommages directs et indirects cons\u00e9cutifs \u00e0 l\u2019acc\u00e8s au site.<\/p>\n<p style=\"font-weight: 400;\"><strong>Interactivit\u00e9<\/strong><\/p>\n<p style=\"font-weight: 400;\">Les utilisateurs du site peuvent y d\u00e9poser du contenu, apparaissant sur le site dans des espaces d\u00e9di\u00e9s (notamment via les commentaires). Le contenu d\u00e9pos\u00e9 reste sous la responsabilit\u00e9 de leurs auteurs, qui en assument pleinement l\u2019enti\u00e8re responsabilit\u00e9 juridique.<\/p>\n<p style=\"font-weight: 400;\">Le propri\u00e9taire du site se r\u00e9serve n\u00e9anmoins le droit de retirer sans pr\u00e9avis et sans justification tout contenu d\u00e9pos\u00e9 par les utilisateurs qui ne satisferait pas \u00e0 la charte d\u00e9ontologique du site ou \u00e0 la l\u00e9gislation en vigueur.<\/p>\n<p>&nbsp;<\/p>\n<h3 style=\"font-weight: 400;\"><strong>\u00a0 \u00a0 3. PROPRI\u00c9T\u00c9 INTELLECTUELLE<\/strong><\/h3>\n<p style=\"font-weight: 400;\">Sauf mention contraire, tous les \u00e9l\u00e9ments accessibles sur le site (textes, images, graphismes, logo, ic\u00f4nes, sons, logiciels, etc.) restent la propri\u00e9t\u00e9 exclusive de leurs auteurs, en ce qui concerne les droits de propri\u00e9t\u00e9 intellectuelle ou les droits d\u2019usage.\u00a0<sup><a href=\"https:\/\/www.webexpress.fr\/actualite\/focus\/modele-de-mentions-legales-complet-et-gratuit\/#fn-7013-1\">1<\/a><\/sup><\/p>\n<p style=\"font-weight: 400;\">Toute reproduction, repr\u00e9sentation, modification, publication, adaptation de tout ou partie des \u00e9l\u00e9ments du site, quel que soit le moyen ou le proc\u00e9d\u00e9 utilis\u00e9, est interdite, sauf autorisation \u00e9crite pr\u00e9alable de l\u2019auteur.<sup><a href=\"https:\/\/www.webexpress.fr\/actualite\/focus\/modele-de-mentions-legales-complet-et-gratuit\/#fn-7013-2\">2<\/a><a href=\"https:\/\/www.webexpress.fr\/actualite\/focus\/modele-de-mentions-legales-complet-et-gratuit\/#fn-7013-3\">3<\/a><\/sup><\/p>\n<p style=\"font-weight: 400;\">Toute exploitation non autoris\u00e9e du site ou de l\u2019un quelconque des \u00e9l\u00e9ments qu\u2019il contient est consid\u00e9r\u00e9e comme constitutive d\u2019une contrefa\u00e7on et passible de poursuites.\u00a0<sup><a href=\"https:\/\/www.webexpress.fr\/actualite\/focus\/modele-de-mentions-legales-complet-et-gratuit\/#fn-7013-9\">4<\/a><\/sup><\/p>\n<p style=\"font-weight: 400;\">Les marques et logos reproduits sur le site sont d\u00e9pos\u00e9s par les soci\u00e9t\u00e9s qui en sont propri\u00e9taires.<\/p>\n<p style=\"font-weight: 400;\"><strong>Liens<\/strong><\/p>\n<p style=\"font-weight: 400;\"><strong>Liens sortants<\/strong><br \/>\nLe propri\u00e9taire du site d\u00e9cline toute responsabilit\u00e9 et n\u2019est pas engag\u00e9 par le r\u00e9f\u00e9rencement via des liens hypertextes, de ressources tierces pr\u00e9sentes sur le r\u00e9seau Internet, tant en ce qui concerne leur contenu que leur pertinence.<\/p>\n<p style=\"font-weight: 400;\"><strong>Liens entrants<\/strong><br \/>\nLe propri\u00e9taire du site autorise les liens hypertextes vers l\u2019une des pages de ce site, \u00e0 condition que ceux-ci ouvrent une nouvelle fen\u00eatre et soient pr\u00e9sent\u00e9s de mani\u00e8re non-\u00e9quivoque afin d\u2019\u00e9viter :<\/p>\n<ul>\n<li>tout risque de confusion entre le site citant et le propri\u00e9taire du site<\/li>\n<li>ainsi que toute pr\u00e9sentation tendancieuse, ou contraire aux lois en vigueur.<\/li>\n<\/ul>\n<p style=\"font-weight: 400;\">Le propri\u00e9taire du site se r\u00e9serve le droit de demander la suppression d\u2019un lien s\u2019il estime que le site source ne respecte pas les r\u00e8gles ainsi d\u00e9finies.<\/p>\n<p>&nbsp;<\/p>\n<h3 style=\"font-weight: 400;\"><strong>\u00a0 \u00a0 4. \u00a0CONFIDENTIALIT\u00c9<\/strong><\/h3>\n<p style=\"font-weight: 400;\">Tout utilisateur dispose d\u2019un droit d\u2019acc\u00e8s, de rectification et d\u2019opposition aux donn\u00e9es personnelles le concernant, en effectuant sa demande \u00e9crite et sign\u00e9e, accompagn\u00e9e d\u2019une preuve d\u2019identit\u00e9.\u00a0<sup><a href=\"https:\/\/www.webexpress.fr\/actualite\/focus\/modele-de-mentions-legales-complet-et-gratuit\/#fn-7013-5\">5<\/a><a href=\"https:\/\/www.webexpress.fr\/actualite\/focus\/modele-de-mentions-legales-complet-et-gratuit\/#fn-7013-7\">6<\/a><a href=\"https:\/\/www.webexpress.fr\/actualite\/focus\/modele-de-mentions-legales-complet-et-gratuit\/#fn-7013-8\">7<\/a><a href=\"https:\/\/www.webexpress.fr\/actualite\/focus\/modele-de-mentions-legales-complet-et-gratuit\/#fn-7013-6\">8<\/a><\/sup><\/p>\n<p style=\"font-weight: 400;\">Le site ne recueille pas d\u2019informations personnelles, et n\u2019est pas assujetti \u00e0 d\u00e9claration \u00e0 la CNIL.\u00a0<a href=\"https:\/\/www.webexpress.fr\/actualite\/focus\/modele-de-mentions-legales-complet-et-gratuit\/#fn-7013-4\">9<\/a><\/p>\n<p style=\"font-weight: 400;\">Pour obtenir davantage d\u2019informations relatives aux obligations auxquelles nous sommes soumis et aux droits dont vous \u00eates titulaires, nous vous remercions de bien vouloir consulter notre page <strong><em><u><a href=\"https:\/\/www.alsacesweethome.com\/politique-de-confidentialite\/\">D\u00e9claration de confidentialit\u00e9<\/a><\/u><\/em><\/strong><\/p>\n<h3 style=\"font-weight: 400;\"><strong>\u00a0 \u00a0 \u00a05. \u00a0COOKIES<\/strong><\/h3>\n<p style=\"font-weight: 400;\">Le site internet alsacesweethome.com, utilise des cookies destin\u00e9s, notamment, \u00e0 son bon fonctionnement et \u00e0 la fourniture d\u2019un service optimal.<\/p>\n<ol>\n<li><em>Articles L111-1 et suivants du Code de la Propri\u00e9t\u00e9 Intellectuelle du 1er juillet 1992\u00a0<a href=\"https:\/\/www.webexpress.fr\/actualite\/focus\/modele-de-mentions-legales-complet-et-gratuit\/#fnref-7013-1\">\u21a9<\/a><\/em><\/li>\n<li><em>Article 41 de la loi du 11 mars 1957\u00a0<a href=\"https:\/\/www.webexpress.fr\/actualite\/focus\/modele-de-mentions-legales-complet-et-gratuit\/#fnref-7013-2\">\u21a9<\/a><\/em><\/li>\n<li><em>Article L. 226-13 du Code p\u00e9nal et la Directive Europ\u00e9enne du 24 octobre 1995\u00a0<a href=\"https:\/\/www.webexpress.fr\/actualite\/focus\/modele-de-mentions-legales-complet-et-gratuit\/#fnref-7013-3\">\u21a9<\/a><\/em><\/li>\n<li><em>Articles L.335-2 et suivants du Code de Propri\u00e9t\u00e9 Intellectuelle\u00a0<a href=\"https:\/\/www.webexpress.fr\/actualite\/focus\/modele-de-mentions-legales-complet-et-gratuit\/#fnref-7013-9\">\u21a9<\/a><\/em><\/li>\n<li><em>Loi n\u00b0 78-87 du 6 janvier 1978, modifi\u00e9e par la loi n\u00b0 2004-801 du 6 ao\u00fbt 2004, relative \u00e0 l\u2019informatique, aux fichiers et aux libert\u00e9s\u00a0<a href=\"https:\/\/www.webexpress.fr\/actualite\/focus\/modele-de-mentions-legales-complet-et-gratuit\/#fnref-7013-5\">\u21a9<\/a><\/em><\/li>\n<li><em>Articles 38 et suivants de la loi 78-17 du 6 janvier 1978 relative \u00e0 l\u2019informatique, aux fichiers et aux libert\u00e9s\u00a0<a href=\"https:\/\/www.webexpress.fr\/actualite\/focus\/modele-de-mentions-legales-complet-et-gratuit\/#fnref-7013-7\">\u21a9<\/a><\/em><\/li>\n<li><em>Loi du 1er juillet 1998 transposant la directive 96\/9 du 11 mars 1996 relative \u00e0 la protection juridique des bases de donn\u00e9es\u00a0<a href=\"https:\/\/www.webexpress.fr\/actualite\/focus\/modele-de-mentions-legales-complet-et-gratuit\/#fnref-7013-8\">\u21a9<\/a><\/em><\/li>\n<li><em>Loi n\u00b0 2004-801 du 6 ao\u00fbt 2004\u00a0<a href=\"https:\/\/www.webexpress.fr\/actualite\/focus\/modele-de-mentions-legales-complet-et-gratuit\/#fnref-7013-6\">\u21a9<\/a><\/em><\/li>\n<li><em>Article 6 de la\u00a0<a href=\"https:\/\/www.legifrance.gouv.fr\/affichTexte.do?cidTexte=JORFTEXT000000801164&amp;dateTexte=20160619\">loi n\u00b0 2004-575 du 21 juin 2004<\/a>pour la confiance dans l\u2019\u00e9conomie num\u00e9rique\u00a0<a href=\"https:\/\/www.webexpress.fr\/actualite\/focus\/modele-de-mentions-legales-complet-et-gratuit\/#fnref-7013-4\">\u21a9<\/a><\/em><\/li>\n<\/ol>\n","protected":false},"excerpt":{"rendered":"<p>MENTIONS L\u00c9GALES D&rsquo; ALSACE SWEET HOME &nbsp; Conform\u00e9ment aux dispositions de la loi n\u00b0 2004-575 du 21 juin 2004 pour la confiance en l\u2019\u00e9conomie num\u00e9rique, il<\/p>\n","protected":false},"author":1,"featured_media":3890,"parent":0,"menu_order":0,"comment_status":"closed","ping_status":"closed","template":"","meta":{"footnotes":""},"class_list":["post-3769","page","type-page","status-publish","has-post-thumbnail","hentry"],"_links":{"self":[{"href":"https:\/\/www.alsacesweethome.com\/fr\/wp-json\/wp\/v2\/pages\/3769","targetHints":{"allow":["GET"]}}],"collection":[{"href":"https:\/\/www.alsacesweethome.com\/fr\/wp-json\/wp\/v2\/pages"}],"about":[{"href":"https:\/\/www.alsacesweethome.com\/fr\/wp-json\/wp\/v2\/types\/page"}],"author":[{"embeddable":true,"href":"https:\/\/www.alsacesweethome.com\/fr\/wp-json\/wp\/v2\/users\/1"}],"replies":[{"embeddable":true,"href":"https:\/\/www.alsacesweethome.com\/fr\/wp-json\/wp\/v2\/comments?post=3769"}],"version-history":[{"count":0,"href":"https:\/\/www.alsacesweethome.com\/fr\/wp-json\/wp\/v2\/pages\/3769\/revisions"}],"wp:featuredmedia":[{"embeddable":true,"href":"https:\/\/www.alsacesweethome.com\/fr\/wp-json\/wp\/v2\/media\/3890"}],"wp:attachment":[{"href":"https:\/\/www.alsacesweethome.com\/fr\/wp-json\/wp\/v2\/media?parent=3769"}],"curies":[{"name":"wp","href":"https:\/\/api.w.org\/{rel}","templated":true}]}}